{"id":170,"date":"2020-05-09T17:18:41","date_gmt":"2020-05-09T15:18:41","guid":{"rendered":"http:\/\/die-reitschule.net\/wordpress\/?page_id=170"},"modified":"2020-07-06T21:21:15","modified_gmt":"2020-07-06T19:21:15","slug":"das-team","status":"publish","type":"page","link":"http:\/\/die-reitschule.net\/wordpress\/reitschule-reifenrath\/das-team\/","title":{"rendered":"Das Team"},"content":{"rendered":"\t\t<div data-elementor-type=\"wp-page\" data-elementor-id=\"170\" class=\"elementor elementor-170\">\n\t\t\t\t\t\t<section class=\"elementor-section elementor-top-section elementor-element elementor-element-c5f99ba elementor-section-boxed elementor-section-height-default elementor-section-height-default\" data-id=\"c5f99ba\" data-element_type=\"section\">\n\t\t\t\t\t\t<div class=\"elementor-container elementor-column-gap-default\">\n\t\t\t\t\t<div class=\"elementor-column elementor-col-100 elementor-top-column elementor-element elementor-element-19bcd1d\" data-id=\"19bcd1d\" data-element_type=\"column\">\n\t\t\t<div class=\"elementor-widget-wrap elementor-element-populated\">\n\t\t\t\t\t\t<div class=\"elementor-element elementor-element-2b33ffe elementor-widget elementor-widget-spacer\" data-id=\"2b33ffe\" data-element_type=\"widget\" data-widget_type=\"spacer.default\">\n\t\t\t\t<div class=\"elementor-widget-container\">\n\t\t\t\t\t<div class=\"elementor-spacer\">\n\t\t\t<div class=\"elementor-spacer-inner\"><\/div>\n\t\t<\/div>\n\t\t\t\t<\/div>\n\t\t\t\t<\/div>\n\t\t\t\t\t<\/div>\n\t\t<\/div>\n\t\t\t\t\t<\/div>\n\t\t<\/section>\n\t\t\t\t<section class=\"elementor-section elementor-top-section elementor-element elementor-element-425cf29 elementor-section-boxed elementor-section-height-default elementor-section-height-default\" data-id=\"425cf29\" data-element_type=\"section\">\n\t\t\t\t\t\t<div class=\"elementor-container elementor-column-gap-default\">\n\t\t\t\t\t<div class=\"elementor-column elementor-col-100 elementor-top-column elementor-element elementor-element-fd6596c\" data-id=\"fd6596c\" data-element_type=\"column\">\n\t\t\t<div class=\"elementor-widget-wrap elementor-element-populated\">\n\t\t\t\t\t\t<div class=\"elementor-element elementor-element-2c61445 elementor-widget elementor-widget-heading\" data-id=\"2c61445\" data-element_type=\"widget\" data-widget_type=\"heading.default\">\n\t\t\t\t<div class=\"elementor-widget-container\">\n\t\t\t<h1 class=\"elementor-heading-title elementor-size-default\"><a href=\"http:\/\/die-reitschule.net\/wordpress\/wp-admin\/post.php?post=81&#038;action=elementor#\">Das Team<\/a><\/h1>\t\t<\/div>\n\t\t\t\t<\/div>\n\t\t\t\t\t<\/div>\n\t\t<\/div>\n\t\t\t\t\t<\/div>\n\t\t<\/section>\n\t\t\t\t<section class=\"elementor-section elementor-top-section elementor-element elementor-element-34950d4 elementor-section-boxed elementor-section-height-default elementor-section-height-default\" data-id=\"34950d4\" data-element_type=\"section\">\n\t\t\t\t\t\t<div class=\"elementor-container elementor-column-gap-default\">\n\t\t\t\t\t<div class=\"elementor-column elementor-col-100 elementor-top-column elementor-element elementor-element-8609b79\" data-id=\"8609b79\" data-element_type=\"column\">\n\t\t\t<div class=\"elementor-widget-wrap elementor-element-populated\">\n\t\t\t\t\t\t<div class=\"elementor-element elementor-element-4a39f5f elementor-widget elementor-widget-spacer\" data-id=\"4a39f5f\" data-element_type=\"widget\" data-widget_type=\"spacer.default\">\n\t\t\t\t<div class=\"elementor-widget-container\">\n\t\t\t\t\t<div class=\"elementor-spacer\">\n\t\t\t<div class=\"elementor-spacer-inner\"><\/div>\n\t\t<\/div>\n\t\t\t\t<\/div>\n\t\t\t\t<\/div>\n\t\t\t\t\t<\/div>\n\t\t<\/div>\n\t\t\t\t\t<\/div>\n\t\t<\/section>\n\t\t\t\t<section class=\"elementor-section elementor-top-section elementor-element elementor-element-7246eef elementor-section-boxed elementor-section-height-default elementor-section-height-default\" data-id=\"7246eef\" data-element_type=\"section\">\n\t\t\t\t\t\t<div class=\"elementor-container elementor-column-gap-default\">\n\t\t\t\t\t<div class=\"elementor-column elementor-col-50 elementor-top-column elementor-element elementor-element-a50c444\" data-id=\"a50c444\" data-element_type=\"column\">\n\t\t\t<div class=\"elementor-widget-wrap elementor-element-populated\">\n\t\t\t\t\t\t<div class=\"elementor-element elementor-element-e605d30 elementor-widget elementor-widget-image\" data-id=\"e605d30\" data-element_type=\"widget\" data-widget_type=\"image.default\">\n\t\t\t\t<div class=\"elementor-widget-container\">\n\t\t\t\t\t\t\t\t\t\t\t\t\t<img fetchpriority=\"high\" decoding=\"async\" width=\"1536\" height=\"1024\" src=\"http:\/\/die-reitschule.net\/wordpress\/wp-content\/uploads\/2020\/05\/IMG_8358-bearbeitet-1536x1024.jpg\" class=\"attachment-1536x1536 size-1536x1536 wp-image-153\" alt=\"\" srcset=\"http:\/\/die-reitschule.net\/wordpress\/wp-content\/uploads\/2020\/05\/IMG_8358-bearbeitet-1536x1024.jpg 1536w, http:\/\/die-reitschule.net\/wordpress\/wp-content\/uploads\/2020\/05\/IMG_8358-bearbeitet-300x200.jpg 300w, http:\/\/die-reitschule.net\/wordpress\/wp-content\/uploads\/2020\/05\/IMG_8358-bearbeitet-1024x683.jpg 1024w, http:\/\/die-reitschule.net\/wordpress\/wp-content\/uploads\/2020\/05\/IMG_8358-bearbeitet-768x512.jpg 768w, http:\/\/die-reitschule.net\/wordpress\/wp-content\/uploads\/2020\/05\/IMG_8358-bearbeitet-2048x1365.jpg 2048w\" sizes=\"(max-width: 1536px) 100vw, 1536px\" \/>\t\t\t\t\t\t\t\t\t\t\t\t\t<\/div>\n\t\t\t\t<\/div>\n\t\t\t\t<div class=\"elementor-element elementor-element-465032e elementor-widget elementor-widget-image\" data-id=\"465032e\" data-element_type=\"widget\" data-widget_type=\"image.default\">\n\t\t\t\t<div class=\"elementor-widget-container\">\n\t\t\t\t\t\t\t\t\t\t\t\t\t<img decoding=\"async\" width=\"1024\" height=\"683\" src=\"http:\/\/die-reitschule.net\/wordpress\/wp-content\/uploads\/2020\/05\/IMG_8319-bearbeitet-1024x683.jpg\" class=\"attachment-large size-large wp-image-131\" alt=\"\" srcset=\"http:\/\/die-reitschule.net\/wordpress\/wp-content\/uploads\/2020\/05\/IMG_8319-bearbeitet-1024x683.jpg 1024w, http:\/\/die-reitschule.net\/wordpress\/wp-content\/uploads\/2020\/05\/IMG_8319-bearbeitet-300x200.jpg 300w, http:\/\/die-reitschule.net\/wordpress\/wp-content\/uploads\/2020\/05\/IMG_8319-bearbeitet-768x512.jpg 768w, http:\/\/die-reitschule.net\/wordpress\/wp-content\/uploads\/2020\/05\/IMG_8319-bearbeitet-1536x1024.jpg 1536w, http:\/\/die-reitschule.net\/wordpress\/wp-content\/uploads\/2020\/05\/IMG_8319-bearbeitet-2048x1365.jpg 2048w\" sizes=\"(max-width: 1024px) 100vw, 1024px\" \/>\t\t\t\t\t\t\t\t\t\t\t\t\t<\/div>\n\t\t\t\t<\/div>\n\t\t\t\t\t<\/div>\n\t\t<\/div>\n\t\t\t\t<div class=\"elementor-column elementor-col-50 elementor-top-column elementor-element elementor-element-c609b42\" data-id=\"c609b42\" data-element_type=\"column\">\n\t\t\t<div class=\"elementor-widget-wrap elementor-element-populated\">\n\t\t\t\t\t\t<div class=\"elementor-element elementor-element-5fee4c1 elementor-widget elementor-widget-heading\" data-id=\"5fee4c1\" data-element_type=\"widget\" data-widget_type=\"heading.default\">\n\t\t\t\t<div class=\"elementor-widget-container\">\n\t\t\t<h2 class=\"elementor-heading-title elementor-size-default\"><a href=\"http:\/\/die-reitschule.net\/wordpress\/wp-admin\/post.php?post=81&#038;action=elementor#\">Mein Motto - Mit Verst\u00e4ndnis f\u00e4ngt alles an.<\/a><\/h2>\t\t<\/div>\n\t\t\t\t<\/div>\n\t\t\t\t<div class=\"elementor-element elementor-element-bf3ab08 elementor-widget elementor-widget-text-editor\" data-id=\"bf3ab08\" data-element_type=\"widget\" data-widget_type=\"text-editor.default\">\n\t\t\t\t<div class=\"elementor-widget-container\">\n\t\t\t\t\t\t\t<p><span style=\"font-weight: 400;\">Mein Name ist Sabine Reifenrath und ich arbeite als selbstst\u00e4ndige Physiotherapeutin und\u00a0 Reitlehrerin. <\/span><span style=\"font-weight: 400;\">Meine Qualifikationen f\u00fcr die Ausbildung von Reiter\/innen und Pferden ist ebenso vielf\u00e4ltig wie mein Angebot rund um das Thema Reiter und Pferde. <\/span><span style=\"font-weight: 400;\">Nach dem Abitur habe ich f\u00fcr das h\u00f6here Lehramt die F\u00e4cher Sport und Biologie bis zum 1. Staatsexamen studiert. <\/span><span style=\"font-weight: 400;\">Da ich immer ein gro\u00dfes Interesse f\u00fcr die medizinischen Aspekte und die Forschung in Bezug auf das Thema Sport und Bewegung hatte, habe ich im Anschluss die Ausbildung zur Physiotherapeutin in G\u00f6ttingen absolviert. <\/span><span style=\"font-weight: 400;\">Das Thema Pferde und Reiten spielen seit meiner Kindheit eine gro\u00dfe Rolle in meinem Leben. <\/span><span style=\"font-weight: 400;\">Ich reite seit meinem 6. Lebensjahr, kann auf Turniererfolge im Springsport und meine Ausbildung und Arbeit in der Verdener Reit- und Fahrschule bei Herrn Weist zur\u00fcckblicken.\u00a0<\/span><span style=\"font-weight: 400;\">Im Jahr 1989 bestand ich dort die Pr\u00fcfung zur Amateurreitlehrerin, dem heutigen Trainer A.\u00a0<\/span><span style=\"font-weight: 400;\">Durch\u00a0 mein Sportstudium und die Physioteraphieausbildung ist mir bewusst geworden, dass Sport nur dann sinnvoll und gesund sein kann,wenn Bewegungen anatomisch und Physiologisch korrekt ausgef\u00fchrt werden.\u00a0<\/span><span style=\"font-weight: 400;\">Die Besonderheit beim Reiten ist, dass es hier um zwei unterschiedliche Lebewesen geht, die sich gemeinsam harmonisch bewegen sollen\/wollen.\u00a0<\/span><span style=\"font-weight: 400;\">Ich habe es mir zur Aufgabe gemacht, meinen Sch\u00fclern und Pferden, unabh\u00e4ngig vom Alter und\/oder Leistungsstand, Verst\u00e4ndnis f\u00fcr das was sie tun (sollen) zu vermitteln. Daher ist der Bestandteil des Unterrichtes eine p\u00e4dagogische Herangehensweise, als auch das Vermitteln von Wissen rund ums Pferd.\u00a0<\/span><span style=\"font-weight: 400;\">Die Kombination verschiedener Qualifikationen erm\u00f6glicht mir bei der Ausbildung eine ganzheitliche Herangehensweise, die sowohl p\u00e4dagogisch als auch medizinisch und sportwissenschaftlich fundiert ist.\u00a0<\/span><span style=\"font-weight: 400;\">Zur Zeit befinde ich mich zus\u00e4tzlich in der Ausbildung zur Pferdeostheopathin, um Pferde sowie auch Reitsch\u00fcler in ihrer Gesundheit unterst\u00fctzen zu k\u00f6nnen.\u00a0<\/span><\/p><div><strong style=\"letter-spacing: 0px;\">\u00a0<\/strong><\/div>\t\t\t\t\t\t<\/div>\n\t\t\t\t<\/div>\n\t\t\t\t\t<\/div>\n\t\t<\/div>\n\t\t\t\t\t<\/div>\n\t\t<\/section>\n\t\t\t\t<section class=\"elementor-section elementor-top-section elementor-element elementor-element-c8d9737 elementor-section-boxed elementor-section-height-default elementor-section-height-default\" data-id=\"c8d9737\" data-element_type=\"section\">\n\t\t\t\t\t\t<div class=\"elementor-container elementor-column-gap-default\">\n\t\t\t\t\t<div class=\"elementor-column elementor-col-33 elementor-top-column elementor-element elementor-element-6b362df elementor-invisible\" data-id=\"6b362df\" data-element_type=\"column\" data-settings=\"{&quot;animation&quot;:&quot;fadeIn&quot;,&quot;animation_delay&quot;:200}\">\n\t\t\t<div class=\"elementor-widget-wrap elementor-element-populated\">\n\t\t\t\t\t\t<div class=\"elementor-element elementor-element-760c917 elementor-widget elementor-widget-heading\" data-id=\"760c917\" data-element_type=\"widget\" data-widget_type=\"heading.default\">\n\t\t\t\t<div class=\"elementor-widget-container\">\n\t\t\t<h2 class=\"elementor-heading-title elementor-size-xl\">Olga<\/h2>\t\t<\/div>\n\t\t\t\t<\/div>\n\t\t\t\t<div class=\"elementor-element elementor-element-fd465b6 elementor-widget elementor-widget-image\" data-id=\"fd465b6\" data-element_type=\"widget\" data-widget_type=\"image.default\">\n\t\t\t\t<div class=\"elementor-widget-container\">\n\t\t\t\t\t\t\t\t\t\t\t\t\t<img decoding=\"async\" width=\"1024\" height=\"683\" src=\"http:\/\/die-reitschule.net\/wordpress\/wp-content\/uploads\/2020\/05\/IMG_8003-bearbeitet-1024x683.jpg\" class=\"attachment-large size-large wp-image-191\" alt=\"\" srcset=\"http:\/\/die-reitschule.net\/wordpress\/wp-content\/uploads\/2020\/05\/IMG_8003-bearbeitet-1024x683.jpg 1024w, http:\/\/die-reitschule.net\/wordpress\/wp-content\/uploads\/2020\/05\/IMG_8003-bearbeitet-300x200.jpg 300w, http:\/\/die-reitschule.net\/wordpress\/wp-content\/uploads\/2020\/05\/IMG_8003-bearbeitet-768x512.jpg 768w, http:\/\/die-reitschule.net\/wordpress\/wp-content\/uploads\/2020\/05\/IMG_8003-bearbeitet-1536x1024.jpg 1536w, http:\/\/die-reitschule.net\/wordpress\/wp-content\/uploads\/2020\/05\/IMG_8003-bearbeitet-2048x1365.jpg 2048w\" sizes=\"(max-width: 1024px) 100vw, 1024px\" \/>\t\t\t\t\t\t\t\t\t\t\t\t\t<\/div>\n\t\t\t\t<\/div>\n\t\t\t\t<div class=\"elementor-element elementor-element-618fe48 elementor-widget elementor-widget-text-editor\" data-id=\"618fe48\" data-element_type=\"widget\" data-widget_type=\"text-editor.default\">\n\t\t\t\t<div class=\"elementor-widget-container\">\n\t\t\t\t\t\t\t<p>Olga ist eine erfahrene Lehrerin. Aufgrund ihres Alters zeichnet sie sich durch eine gewisse Gutm\u00fctigkeit, aber auch Klarheit und Gerechtigkeit aus. Als eifrige Partnerin\u00a0 im Reitunterricht spiegelt sie Dir Dein Verhalten eins zu eins wieder und erm\u00f6glicht Dir gute Lernfortschritte\u00a0 zu machen.<\/p>\t\t\t\t\t\t<\/div>\n\t\t\t\t<\/div>\n\t\t\t\t\t<\/div>\n\t\t<\/div>\n\t\t\t\t<div class=\"elementor-column elementor-col-33 elementor-top-column elementor-element elementor-element-2ea5991 elementor-invisible\" data-id=\"2ea5991\" data-element_type=\"column\" data-settings=\"{&quot;animation&quot;:&quot;fadeIn&quot;,&quot;animation_delay&quot;:200}\">\n\t\t\t<div class=\"elementor-widget-wrap elementor-element-populated\">\n\t\t\t\t\t\t<div class=\"elementor-element elementor-element-faaefb3 elementor-widget elementor-widget-heading\" data-id=\"faaefb3\" data-element_type=\"widget\" data-widget_type=\"heading.default\">\n\t\t\t\t<div class=\"elementor-widget-container\">\n\t\t\t<h2 class=\"elementor-heading-title elementor-size-xl\">Hanibal<\/h2>\t\t<\/div>\n\t\t\t\t<\/div>\n\t\t\t\t<div class=\"elementor-element elementor-element-d18c9c9 elementor-widget elementor-widget-image\" data-id=\"d18c9c9\" data-element_type=\"widget\" data-widget_type=\"image.default\">\n\t\t\t\t<div class=\"elementor-widget-container\">\n\t\t\t\t\t\t\t\t\t\t\t\t\t<img loading=\"lazy\" decoding=\"async\" width=\"1024\" height=\"683\" src=\"http:\/\/die-reitschule.net\/wordpress\/wp-content\/uploads\/2020\/05\/IMG_8026-bearbeitet-1024x683.jpg\" class=\"attachment-large size-large wp-image-192\" alt=\"\" srcset=\"http:\/\/die-reitschule.net\/wordpress\/wp-content\/uploads\/2020\/05\/IMG_8026-bearbeitet-1024x683.jpg 1024w, http:\/\/die-reitschule.net\/wordpress\/wp-content\/uploads\/2020\/05\/IMG_8026-bearbeitet-300x200.jpg 300w, http:\/\/die-reitschule.net\/wordpress\/wp-content\/uploads\/2020\/05\/IMG_8026-bearbeitet-768x512.jpg 768w, http:\/\/die-reitschule.net\/wordpress\/wp-content\/uploads\/2020\/05\/IMG_8026-bearbeitet-1536x1024.jpg 1536w, http:\/\/die-reitschule.net\/wordpress\/wp-content\/uploads\/2020\/05\/IMG_8026-bearbeitet-2048x1365.jpg 2048w\" sizes=\"(max-width: 1024px) 100vw, 1024px\" \/>\t\t\t\t\t\t\t\t\t\t\t\t\t<\/div>\n\t\t\t\t<\/div>\n\t\t\t\t<div class=\"elementor-element elementor-element-74906dc elementor-widget elementor-widget-text-editor\" data-id=\"74906dc\" data-element_type=\"widget\" data-widget_type=\"text-editor.default\">\n\t\t\t\t<div class=\"elementor-widget-container\">\n\t\t\t\t\t\t\t<p>Hannibal ist Olgas treuer Freund und seine St\u00e4rke ist sein Charme. Ihm kann man einfach nicht widerstehen.\u00a0 Er liebt es, wenn Kinder auf ihm turnen und das geschieht beim Voltigieren t\u00e4glich.\u00a0<span style=\"background-color: transparent; font-family: Arial; font-size: 11pt; white-space: pre-wrap; letter-spacing: 0px;\">Beim Reiten braucht er eine sichere F\u00fchrung, um seine Ideen denen der Reitsch\u00fcler unterzuordnen. <\/span><\/p>\t\t\t\t\t\t<\/div>\n\t\t\t\t<\/div>\n\t\t\t\t\t<\/div>\n\t\t<\/div>\n\t\t\t\t<div class=\"elementor-column elementor-col-33 elementor-top-column elementor-element elementor-element-60dbc64 elementor-invisible\" data-id=\"60dbc64\" data-element_type=\"column\" data-settings=\"{&quot;animation&quot;:&quot;fadeIn&quot;,&quot;animation_delay&quot;:200}\">\n\t\t\t<div class=\"elementor-widget-wrap elementor-element-populated\">\n\t\t\t\t\t\t<div class=\"elementor-element elementor-element-7106226 elementor-widget elementor-widget-heading\" data-id=\"7106226\" data-element_type=\"widget\" data-widget_type=\"heading.default\">\n\t\t\t\t<div class=\"elementor-widget-container\">\n\t\t\t<h2 class=\"elementor-heading-title elementor-size-xl\">Don Camillo<\/h2>\t\t<\/div>\n\t\t\t\t<\/div>\n\t\t\t\t<div class=\"elementor-element elementor-element-f3c3c5b elementor-widget elementor-widget-image\" data-id=\"f3c3c5b\" data-element_type=\"widget\" data-widget_type=\"image.default\">\n\t\t\t\t<div class=\"elementor-widget-container\">\n\t\t\t\t\t\t\t\t\t\t\t\t\t<img loading=\"lazy\" decoding=\"async\" width=\"1024\" height=\"683\" src=\"http:\/\/die-reitschule.net\/wordpress\/wp-content\/uploads\/2020\/05\/IMG_7941-bearbeitet-1024x683.jpg\" class=\"attachment-large size-large wp-image-196\" alt=\"\" srcset=\"http:\/\/die-reitschule.net\/wordpress\/wp-content\/uploads\/2020\/05\/IMG_7941-bearbeitet-1024x683.jpg 1024w, http:\/\/die-reitschule.net\/wordpress\/wp-content\/uploads\/2020\/05\/IMG_7941-bearbeitet-300x200.jpg 300w, http:\/\/die-reitschule.net\/wordpress\/wp-content\/uploads\/2020\/05\/IMG_7941-bearbeitet-768x512.jpg 768w, http:\/\/die-reitschule.net\/wordpress\/wp-content\/uploads\/2020\/05\/IMG_7941-bearbeitet-1536x1024.jpg 1536w, http:\/\/die-reitschule.net\/wordpress\/wp-content\/uploads\/2020\/05\/IMG_7941-bearbeitet-2048x1365.jpg 2048w\" sizes=\"(max-width: 1024px) 100vw, 1024px\" \/>\t\t\t\t\t\t\t\t\t\t\t\t\t<\/div>\n\t\t\t\t<\/div>\n\t\t\t\t<div class=\"elementor-element elementor-element-8672112 elementor-widget elementor-widget-text-editor\" data-id=\"8672112\" data-element_type=\"widget\" data-widget_type=\"text-editor.default\">\n\t\t\t\t<div class=\"elementor-widget-container\">\n\t\t\t\t\t\t\t<div><span id=\"docs-internal-guid-62efb55d-7fff-d009-d0cb-313485982683\"><span style=\"font-size: 11pt; font-family: Arial; background-color: transparent; font-variant-numeric: normal; font-variant-east-asian: normal; vertical-align: baseline; white-space: pre-wrap;\">Don Camillo ist das K\u00fcken im Team. Er nimmt seine Aufgabe aus Reitpferd sehr ernst. Er liebt das Ausreiten und in der Bahn m\u00f6chte er mit Dir gemeinsam etwas lernen. Durch sein wundervollen Charakter m\u00f6chte er gefallen und ist sehr gut f\u00fcr Fortgeschrittene geeignet. Eine tolle Herausforderung, f\u00fcr alle die mehr lernen wollen.<\/span><\/span><\/div>\t\t\t\t\t\t<\/div>\n\t\t\t\t<\/div>\n\t\t\t\t\t<\/div>\n\t\t<\/div>\n\t\t\t\t\t<\/div>\n\t\t<\/section>\n\t\t\t\t<section class=\"elementor-section elementor-top-section elementor-element elementor-element-449394f elementor-section-boxed elementor-section-height-default elementor-section-height-default\" data-id=\"449394f\" data-element_type=\"section\">\n\t\t\t\t\t\t<div class=\"elementor-container elementor-column-gap-default\">\n\t\t\t\t\t<div class=\"elementor-column elementor-col-100 elementor-top-column elementor-element elementor-element-65a73e8 elementor-invisible\" data-id=\"65a73e8\" data-element_type=\"column\" data-settings=\"{&quot;animation&quot;:&quot;fadeIn&quot;,&quot;animation_delay&quot;:200}\">\n\t\t\t<div class=\"elementor-widget-wrap elementor-element-populated\">\n\t\t\t\t\t\t<div class=\"elementor-element elementor-element-0b00081 elementor-widget elementor-widget-spacer\" data-id=\"0b00081\" data-element_type=\"widget\" data-widget_type=\"spacer.default\">\n\t\t\t\t<div class=\"elementor-widget-container\">\n\t\t\t\t\t<div class=\"elementor-spacer\">\n\t\t\t<div class=\"elementor-spacer-inner\"><\/div>\n\t\t<\/div>\n\t\t\t\t<\/div>\n\t\t\t\t<\/div>\n\t\t\t\t<div class=\"elementor-element elementor-element-fad8ff2 elementor-widget elementor-widget-heading\" data-id=\"fad8ff2\" data-element_type=\"widget\" data-widget_type=\"heading.default\">\n\t\t\t\t<div class=\"elementor-widget-container\">\n\t\t\t<h2 class=\"elementor-heading-title elementor-size-default\">Sie haben Interesse? Dann rufen Sie jetzt an um eine Probestunde zu vereinbaren!<\/h2>\t\t<\/div>\n\t\t\t\t<\/div>\n\t\t\t\t<div class=\"elementor-element elementor-element-f1c6d20 elementor-widget elementor-widget-text-editor\" data-id=\"f1c6d20\" data-element_type=\"widget\" data-widget_type=\"text-editor.default\">\n\t\t\t\t<div class=\"elementor-widget-container\">\n\t\t\t\t\t\t\t\t\t\t\t\t\t<\/div>\n\t\t\t\t<\/div>\n\t\t\t\t<div class=\"elementor-element elementor-element-91c9f73 elementor-align-center elementor-widget elementor-widget-button\" data-id=\"91c9f73\" data-element_type=\"widget\" data-widget_type=\"button.default\">\n\t\t\t\t<div class=\"elementor-widget-container\">\n\t\t\t\t\t<div class=\"elementor-button-wrapper\">\n\t\t\t<a class=\"elementor-button elementor-button-link elementor-size-lg\" href=\"tel:+49%201578%2091%2059%20560\">\n\t\t\t\t\t\t<span class=\"elementor-button-content-wrapper\">\n\t\t\t\t\t\t<span class=\"elementor-button-text\">+49 1578 91 59 560<\/span>\n\t\t<\/span>\n\t\t\t\t\t<\/a>\n\t\t<\/div>\n\t\t\t\t<\/div>\n\t\t\t\t<\/div>\n\t\t\t\t\t<\/div>\n\t\t<\/div>\n\t\t\t\t\t<\/div>\n\t\t<\/section>\n\t\t\t\t<\/div>\n\t\t","protected":false},"excerpt":{"rendered":"<p>Das Team Mein Motto &#8211; Mit Verst\u00e4ndnis f\u00e4ngt alles an. Mein Name ist Sabine Reifenrath und ich arbeite als selbstst\u00e4ndige Physiotherapeutin und\u00a0 Reitlehrerin. Meine Qualifikationen f\u00fcr die Ausbildung von Reiter\/innen und Pferden ist ebenso vielf\u00e4ltig wie mein Angebot rund um das Thema Reiter und Pferde. Nach dem Abitur habe ich f\u00fcr das h\u00f6here Lehramt die &hellip;<\/p>\n","protected":false},"author":1,"featured_media":0,"parent":11,"menu_order":0,"comment_status":"closed","ping_status":"closed","template":"elementor_header_footer","meta":{"footnotes":""},"_links":{"self":[{"href":"http:\/\/die-reitschule.net\/wordpress\/wp-json\/wp\/v2\/pages\/170"}],"collection":[{"href":"http:\/\/die-reitschule.net\/wordpress\/wp-json\/wp\/v2\/pages"}],"about":[{"href":"http:\/\/die-reitschule.net\/wordpress\/wp-json\/wp\/v2\/types\/page"}],"author":[{"embeddable":true,"href":"http:\/\/die-reitschule.net\/wordpress\/wp-json\/wp\/v2\/users\/1"}],"replies":[{"embeddable":true,"href":"http:\/\/die-reitschule.net\/wordpress\/wp-json\/wp\/v2\/comments?post=170"}],"version-history":[{"count":12,"href":"http:\/\/die-reitschule.net\/wordpress\/wp-json\/wp\/v2\/pages\/170\/revisions"}],"predecessor-version":[{"id":281,"href":"http:\/\/die-reitschule.net\/wordpress\/wp-json\/wp\/v2\/pages\/170\/revisions\/281"}],"up":[{"embeddable":true,"href":"http:\/\/die-reitschule.net\/wordpress\/wp-json\/wp\/v2\/pages\/11"}],"wp:attachment":[{"href":"http:\/\/die-reitschule.net\/wordpress\/wp-json\/wp\/v2\/media?parent=170"}],"curies":[{"name":"wp","href":"https:\/\/api.w.org\/{rel}","templated":true}]}}