{"id":81,"date":"2020-04-05T12:43:57","date_gmt":"2020-04-05T10:43:57","guid":{"rendered":"http:\/\/die-reitschule.net\/wordpress\/?page_id=81"},"modified":"2020-12-16T18:11:14","modified_gmt":"2020-12-16T17:11:14","slug":"reitschule","status":"publish","type":"page","link":"http:\/\/die-reitschule.net\/wordpress\/reitschule\/","title":{"rendered":"Reitschule"},"content":{"rendered":"\t\t<div data-elementor-type=\"wp-page\" data-elementor-id=\"81\" class=\"elementor elementor-81\">\n\t\t\t\t\t\t<section class=\"elementor-section elementor-top-section elementor-element elementor-element-c99efb5 elementor-section-boxed elementor-section-height-default elementor-section-height-default\" data-id=\"c99efb5\" data-element_type=\"section\">\n\t\t\t\t\t\t<div class=\"elementor-container elementor-column-gap-default\">\n\t\t\t\t\t<div class=\"elementor-column elementor-col-100 elementor-top-column elementor-element elementor-element-17845c5\" data-id=\"17845c5\" data-element_type=\"column\">\n\t\t\t<div class=\"elementor-widget-wrap elementor-element-populated\">\n\t\t\t\t\t\t<div class=\"elementor-element elementor-element-6b73596 elementor-widget elementor-widget-spacer\" data-id=\"6b73596\" data-element_type=\"widget\" data-widget_type=\"spacer.default\">\n\t\t\t\t<div class=\"elementor-widget-container\">\n\t\t\t\t\t<div class=\"elementor-spacer\">\n\t\t\t<div class=\"elementor-spacer-inner\"><\/div>\n\t\t<\/div>\n\t\t\t\t<\/div>\n\t\t\t\t<\/div>\n\t\t\t\t\t<\/div>\n\t\t<\/div>\n\t\t\t\t\t<\/div>\n\t\t<\/section>\n\t\t\t\t<section class=\"elementor-section elementor-top-section elementor-element elementor-element-e600c94 elementor-section-boxed elementor-section-height-default elementor-section-height-default\" data-id=\"e600c94\" data-element_type=\"section\">\n\t\t\t\t\t\t<div class=\"elementor-container elementor-column-gap-default\">\n\t\t\t\t\t<div class=\"elementor-column elementor-col-50 elementor-top-column elementor-element elementor-element-643918a elementor-invisible\" data-id=\"643918a\" data-element_type=\"column\" data-settings=\"{&quot;animation&quot;:&quot;fadeIn&quot;,&quot;animation_delay&quot;:200}\">\n\t\t\t<div class=\"elementor-widget-wrap elementor-element-populated\">\n\t\t\t\t\t\t<div class=\"elementor-element elementor-element-546956d elementor-widget elementor-widget-heading\" data-id=\"546956d\" data-element_type=\"widget\" data-widget_type=\"heading.default\">\n\t\t\t\t<div class=\"elementor-widget-container\">\n\t\t\t<h2 class=\"elementor-heading-title elementor-size-default\">Voltigieren <\/h2>\t\t<\/div>\n\t\t\t\t<\/div>\n\t\t\t\t<div class=\"elementor-element elementor-element-42509f6 elementor-widget elementor-widget-text-editor\" data-id=\"42509f6\" data-element_type=\"widget\" data-widget_type=\"text-editor.default\">\n\t\t\t\t<div class=\"elementor-widget-container\">\n\t\t\t\t\t\t\t<p>Eine Einf\u00fchrung in die Pferdewelt f\u00fcr die Kleinen<\/p>\t\t\t\t\t\t<\/div>\n\t\t\t\t<\/div>\n\t\t\t\t<div class=\"elementor-element elementor-element-158197a elementor-widget elementor-widget-image\" data-id=\"158197a\" data-element_type=\"widget\" data-widget_type=\"image.default\">\n\t\t\t\t<div class=\"elementor-widget-container\">\n\t\t\t\t\t\t\t\t\t\t\t\t\t<img fetchpriority=\"high\" decoding=\"async\" width=\"1024\" height=\"683\" src=\"http:\/\/die-reitschule.net\/wordpress\/wp-content\/uploads\/2020\/05\/IMG_7653-bearbeitet-min-1024x683.jpg\" class=\"attachment-large size-large wp-image-185\" alt=\"\" srcset=\"http:\/\/die-reitschule.net\/wordpress\/wp-content\/uploads\/2020\/05\/IMG_7653-bearbeitet-min-1024x683.jpg 1024w, http:\/\/die-reitschule.net\/wordpress\/wp-content\/uploads\/2020\/05\/IMG_7653-bearbeitet-min-300x200.jpg 300w, http:\/\/die-reitschule.net\/wordpress\/wp-content\/uploads\/2020\/05\/IMG_7653-bearbeitet-min-768x512.jpg 768w, http:\/\/die-reitschule.net\/wordpress\/wp-content\/uploads\/2020\/05\/IMG_7653-bearbeitet-min-1536x1024.jpg 1536w, http:\/\/die-reitschule.net\/wordpress\/wp-content\/uploads\/2020\/05\/IMG_7653-bearbeitet-min-2048x1365.jpg 2048w\" sizes=\"(max-width: 1024px) 100vw, 1024px\" \/>\t\t\t\t\t\t\t\t\t\t\t\t\t<\/div>\n\t\t\t\t<\/div>\n\t\t\t\t<div class=\"elementor-element elementor-element-fe3ed38 elementor-widget elementor-widget-text-editor\" data-id=\"fe3ed38\" data-element_type=\"widget\" data-widget_type=\"text-editor.default\">\n\t\t\t\t<div class=\"elementor-widget-container\">\n\t\t\t\t\t\t\t<p><strong>Einfach Gl\u00fccklich!<\/strong><\/p><p><span style=\"letter-spacing: 0px;\">Pferde lassen Kleine gro\u00df und stark werden! Sie vermitteln gro\u00dfes Gl\u00fcck und Freude! <\/span><span style=\"font-weight: 400;\">Der spielerische Kontakt zum Pferd f\u00f6rdert in diesem Alter das Gleichgewicht, die grob- und feinmotorische Entwicklung und vor allem das Selbstwertgef\u00fchl und Selbstvertrauen der Kinder.\u00a0<\/span><span style=\"font-weight: 400;\">W\u00e4hrend wir\u00a0 gemeinsam das Pferd putzen, erfahren sie durch den Kontakt schrittweise etwas von dessen Wesen, Pers\u00f6nlichkeit und Bed\u00fcrfnissen. Dabei lernen die Kinder, Pferde in ihrem Verhalten einzusch\u00e4tzen und korrekt mit ihnen umzugehen.\u00a0<\/span><span style=\"letter-spacing: 0px;\">Anschlie\u00dfend wird auf dem Pferd einzeln und gemeinsam geturnt und gesungen.\u00a0<\/span><span style=\"letter-spacing: 0px;\">Ziel dieser Arbeit ist: \u201cdie Hinf\u00fchrung des Kindes zu einer emotional ausgeglichenen Pers\u00f6nlichkeit, die in sachgerechter Selbsteinsch\u00e4tzung mit einer sozial angemessenen, sicheren Selbststeuerung ihr Handeln verantwortungsvoll gestaltet.\u201d<\/span><\/p>\t\t\t\t\t\t<\/div>\n\t\t\t\t<\/div>\n\t\t\t\t\t<\/div>\n\t\t<\/div>\n\t\t\t\t<div class=\"elementor-column elementor-col-50 elementor-top-column elementor-element elementor-element-a52c544 elementor-invisible\" data-id=\"a52c544\" data-element_type=\"column\" data-settings=\"{&quot;animation&quot;:&quot;fadeIn&quot;,&quot;animation_delay&quot;:200}\">\n\t\t\t<div class=\"elementor-widget-wrap elementor-element-populated\">\n\t\t\t\t\t\t<div class=\"elementor-element elementor-element-c1f0369 elementor-widget elementor-widget-heading\" data-id=\"c1f0369\" data-element_type=\"widget\" data-widget_type=\"heading.default\">\n\t\t\t\t<div class=\"elementor-widget-container\">\n\t\t\t<h2 class=\"elementor-heading-title elementor-size-default\">Reitunterricht<\/h2>\t\t<\/div>\n\t\t\t\t<\/div>\n\t\t\t\t<div class=\"elementor-element elementor-element-9feb6e5 elementor-widget elementor-widget-text-editor\" data-id=\"9feb6e5\" data-element_type=\"widget\" data-widget_type=\"text-editor.default\">\n\t\t\t\t<div class=\"elementor-widget-container\">\n\t\t\t\t\t\t\t<p>Jetzt starte ich durch!<\/p>\t\t\t\t\t\t<\/div>\n\t\t\t\t<\/div>\n\t\t\t\t<div class=\"elementor-element elementor-element-2324bb2 elementor-widget elementor-widget-image\" data-id=\"2324bb2\" data-element_type=\"widget\" data-widget_type=\"image.default\">\n\t\t\t\t<div class=\"elementor-widget-container\">\n\t\t\t\t\t\t\t\t\t\t\t\t\t<img decoding=\"async\" width=\"1024\" height=\"683\" src=\"http:\/\/die-reitschule.net\/wordpress\/wp-content\/uploads\/2020\/05\/IMG_8087-bearbeitet-1024x683.jpg\" class=\"attachment-large size-large wp-image-158\" alt=\"\" srcset=\"http:\/\/die-reitschule.net\/wordpress\/wp-content\/uploads\/2020\/05\/IMG_8087-bearbeitet-1024x683.jpg 1024w, http:\/\/die-reitschule.net\/wordpress\/wp-content\/uploads\/2020\/05\/IMG_8087-bearbeitet-300x200.jpg 300w, http:\/\/die-reitschule.net\/wordpress\/wp-content\/uploads\/2020\/05\/IMG_8087-bearbeitet-768x512.jpg 768w, http:\/\/die-reitschule.net\/wordpress\/wp-content\/uploads\/2020\/05\/IMG_8087-bearbeitet-1536x1024.jpg 1536w, http:\/\/die-reitschule.net\/wordpress\/wp-content\/uploads\/2020\/05\/IMG_8087-bearbeitet-2048x1365.jpg 2048w\" sizes=\"(max-width: 1024px) 100vw, 1024px\" \/>\t\t\t\t\t\t\t\t\t\t\t\t\t<\/div>\n\t\t\t\t<\/div>\n\t\t\t\t<div class=\"elementor-element elementor-element-2c1213a elementor-widget elementor-widget-text-editor\" data-id=\"2c1213a\" data-element_type=\"widget\" data-widget_type=\"text-editor.default\">\n\t\t\t\t<div class=\"elementor-widget-container\">\n\t\t\t\t\t\t\t<p><strong><span style=\"letter-spacing: 0px;\">Ein ehrlicher Freund zeigt Dir wie es geht!<\/span><\/strong><\/p>\n<p><span style=\"font-weight: 400;\">Reiten lernen hei\u00dft<\/span><span style=\"font-weight: 400;\">, zun\u00e4chst eine Fremdsprache, n\u00e4mlich \u201c pferdisch\u201d zu erlernen.&nbsp;<\/span><span style=\"font-weight: 400;\">\u201cPferdisch\u201d ist eine K\u00f6rpersprache. Es entsteht erst vom Boden und dann vom Pferder\u00fccken aus ein Bewegungsdialog. Dies beginnt beim gemeinsamen Putzen und wird dann beim F\u00fchren des Pferdes, der Bodenarbeit, mit der jede Stunde beginnt, und beim Reiten umgesetzt.&nbsp;<\/span><span style=\"font-weight: 400;\">So vermittle ich Schritt f\u00fcr Schritt Verst\u00e4ndnis f\u00fcr das Lebewesen Pferd, um \u00fcber dieses Verst\u00e4ndnis eine Verst\u00e4ndigung zu erm\u00f6glichen, die f\u00fcr Reiter und Pferd notwendig ist.&nbsp;<\/span><span style=\"font-weight: 400;\">Da wir aber nicht \u201c nicht\u201d kommunizieren k\u00f6nnen, nimmt das Pferd alles wahr, sowohl gewollte als auch ungewollte \u201c Ansagen\u201d. Um auf diese Weise entstehende Missverst\u00e4ndnisse zu minimieren, teilen sich zwei Reitsch\u00fcler ein Pferd. In dieser Zeit unterst\u00fctzen sie sich gegenseitig mit ihrem individuellen K\u00f6nnen und ihren Ideen. Somit gibt es au\u00dfer der Reitlehrerin immer den dazugeh\u00f6rigen Reitsch\u00fcler als Beobachter, der die Chance hat, eventuelle Missverst\u00e4ndnisse aufzukl\u00e4ren und gleichzeitig einen Lernprozess bei sich selber in Gang zu setzen.<\/span><span style=\"font-weight: 400;\">Dieses Konzept erzeugt ein erfolgreiches Lehren und Lernen in einer von allen als&nbsp;<\/span><span style=\"font-weight: 400;\">wohlwollend empfundener Atmosph\u00e4re.<\/span><\/p>\t\t\t\t\t\t<\/div>\n\t\t\t\t<\/div>\n\t\t\t\t\t<\/div>\n\t\t<\/div>\n\t\t\t\t\t<\/div>\n\t\t<\/section>\n\t\t\t\t<section class=\"elementor-section elementor-top-section elementor-element elementor-element-3cd3c58 elementor-section-boxed elementor-section-height-default elementor-section-height-default\" data-id=\"3cd3c58\" data-element_type=\"section\">\n\t\t\t\t\t\t<div class=\"elementor-container elementor-column-gap-default\">\n\t\t\t\t\t<div class=\"elementor-column elementor-col-100 elementor-top-column elementor-element elementor-element-650576c elementor-invisible\" data-id=\"650576c\" data-element_type=\"column\" data-settings=\"{&quot;animation&quot;:&quot;fadeIn&quot;,&quot;animation_delay&quot;:200}\">\n\t\t\t<div class=\"elementor-widget-wrap elementor-element-populated\">\n\t\t\t\t\t\t<div class=\"elementor-element elementor-element-2179d11 elementor-widget elementor-widget-spacer\" data-id=\"2179d11\" data-element_type=\"widget\" data-widget_type=\"spacer.default\">\n\t\t\t\t<div class=\"elementor-widget-container\">\n\t\t\t\t\t<div class=\"elementor-spacer\">\n\t\t\t<div class=\"elementor-spacer-inner\"><\/div>\n\t\t<\/div>\n\t\t\t\t<\/div>\n\t\t\t\t<\/div>\n\t\t\t\t<div class=\"elementor-element elementor-element-7a9f1c7 elementor-widget elementor-widget-heading\" data-id=\"7a9f1c7\" data-element_type=\"widget\" data-widget_type=\"heading.default\">\n\t\t\t\t<div class=\"elementor-widget-container\">\n\t\t\t<h2 class=\"elementor-heading-title elementor-size-default\">Sie haben Interesse? Dann rufen Sie jetzt an um eine Probestunde zu vereinbaren!<\/h2>\t\t<\/div>\n\t\t\t\t<\/div>\n\t\t\t\t<div class=\"elementor-element elementor-element-2a756ae elementor-widget elementor-widget-text-editor\" data-id=\"2a756ae\" data-element_type=\"widget\" data-widget_type=\"text-editor.default\">\n\t\t\t\t<div class=\"elementor-widget-container\">\n\t\t\t\t\t\t\t\t\t\t\t\t\t<\/div>\n\t\t\t\t<\/div>\n\t\t\t\t<div class=\"elementor-element elementor-element-5f5d181 elementor-align-center elementor-widget elementor-widget-button\" data-id=\"5f5d181\" data-element_type=\"widget\" data-widget_type=\"button.default\">\n\t\t\t\t<div class=\"elementor-widget-container\">\n\t\t\t\t\t<div class=\"elementor-button-wrapper\">\n\t\t\t<a class=\"elementor-button elementor-button-link elementor-size-lg\" href=\"tel:+49%201578%2091%2059%20560\">\n\t\t\t\t\t\t<span class=\"elementor-button-content-wrapper\">\n\t\t\t\t\t\t<span class=\"elementor-button-text\">+49 1578 91 59 560<\/span>\n\t\t<\/span>\n\t\t\t\t\t<\/a>\n\t\t<\/div>\n\t\t\t\t<\/div>\n\t\t\t\t<\/div>\n\t\t\t\t\t<\/div>\n\t\t<\/div>\n\t\t\t\t\t<\/div>\n\t\t<\/section>\n\t\t\t\t<\/div>\n\t\t","protected":false},"excerpt":{"rendered":"<p>Voltigieren Eine Einf\u00fchrung in die Pferdewelt f\u00fcr die Kleinen Einfach Gl\u00fccklich! Pferde lassen Kleine gro\u00df und stark werden! Sie vermitteln gro\u00dfes Gl\u00fcck und Freude! Der spielerische Kontakt zum Pferd f\u00f6rdert in diesem Alter das Gleichgewicht, die grob- und feinmotorische Entwicklung und vor allem das Selbstwertgef\u00fchl und Selbstvertrauen der Kinder.\u00a0W\u00e4hrend wir\u00a0 gemeinsam das Pferd putzen, erfahren &hellip;<\/p>\n","protected":false},"author":1,"featured_media":0,"parent":0,"menu_order":0,"comment_status":"closed","ping_status":"closed","template":"elementor_header_footer","meta":{"footnotes":""},"_links":{"self":[{"href":"http:\/\/die-reitschule.net\/wordpress\/wp-json\/wp\/v2\/pages\/81"}],"collection":[{"href":"http:\/\/die-reitschule.net\/wordpress\/wp-json\/wp\/v2\/pages"}],"about":[{"href":"http:\/\/die-reitschule.net\/wordpress\/wp-json\/wp\/v2\/types\/page"}],"author":[{"embeddable":true,"href":"http:\/\/die-reitschule.net\/wordpress\/wp-json\/wp\/v2\/users\/1"}],"replies":[{"embeddable":true,"href":"http:\/\/die-reitschule.net\/wordpress\/wp-json\/wp\/v2\/comments?post=81"}],"version-history":[{"count":23,"href":"http:\/\/die-reitschule.net\/wordpress\/wp-json\/wp\/v2\/pages\/81\/revisions"}],"predecessor-version":[{"id":294,"href":"http:\/\/die-reitschule.net\/wordpress\/wp-json\/wp\/v2\/pages\/81\/revisions\/294"}],"wp:attachment":[{"href":"http:\/\/die-reitschule.net\/wordpress\/wp-json\/wp\/v2\/media?parent=81"}],"curies":[{"name":"wp","href":"https:\/\/api.w.org\/{rel}","templated":true}]}}